{"id":95,"date":"2025-12-07T23:47:05","date_gmt":"2025-12-07T23:47:05","guid":{"rendered":"https:\/\/3cconsulting.raidghost.com\/?page_id=95"},"modified":"2026-01-05T23:42:08","modified_gmt":"2026-01-05T23:42:08","slug":"a-propos","status":"publish","type":"page","link":"https:\/\/cedriccompagnonconsulting.com\/index.php\/a-propos\/","title":{"rendered":"A propos"},"content":{"rendered":"\n<p class=\"p1\">&nbsp;<\/p>\n\n\n\n<figure class=\"wp-block-image aligncenter size-full is-resized\"><img loading=\"lazy\" decoding=\"async\" width=\"683\" height=\"1024\" src=\"http:\/\/3cconsulting.raidghost.com\/wp-content\/uploads\/2025\/12\/20240314_071143-683x1024-1.jpeg\" alt=\"\" class=\"wp-image-10\" style=\"aspect-ratio:0.6669936243256498;width:231px;height:auto\" srcset=\"https:\/\/cedriccompagnonconsulting.com\/wp-content\/uploads\/2025\/12\/20240314_071143-683x1024-1.jpeg 683w, https:\/\/cedriccompagnonconsulting.com\/wp-content\/uploads\/2025\/12\/20240314_071143-683x1024-1-200x300.jpeg 200w\" sizes=\"auto, (max-width: 683px) 100vw, 683px\" \/><\/figure>\n\n\n\n<p class=\"p1\">Je m\u2019appelle <strong>C\u00e9dric<\/strong>. <\/p>\n\n\n\n<p class=\"p1\">N\u00e9 dans les ann\u00e9es 80, \u00e0 une \u00e9poque o\u00f9 la technologie faisait ses premiers pas dans notre quotidien, je suis naturellement devenu un passionn\u00e9 de cet univers en constante \u00e9volution.<\/p>\n\n\n\n<p class=\"p1\">Mais <strong>attention<\/strong> : je suis partisan d\u2019une technologie&nbsp;<strong>aidante<\/strong>, jamais&nbsp;<strong>rempla\u00e7ante<\/strong>. <\/p>\n\n\n\n<p class=\"p1\">Pour moi, les objets et les machines doivent \u00eatre l\u00e0 pour faciliter nos vies, non pour se substituer \u00e0 l\u2019humain.<\/p>\n\n\n\n<p class=\"p1\">Parmi toutes mes passions, une marque occupe une place particuli\u00e8re :&nbsp;<strong>Apple<\/strong>. <\/p>\n\n\n\n<p class=\"p1\">Certains diraient m\u00eame que ce n\u2019est plus du sang, mais de l\u2019Apple qui coule dans mes veines.<\/p>\n\n\n\n<p class=\"p1\">Tout a commenc\u00e9 avec l\u2019histoire fascinante de&nbsp;Steve Jobs. <\/p>\n\n\n\n<p class=\"p1\">En 1976, aux c\u00f4t\u00e9s de&nbsp;Steve Wozniak&nbsp;et&nbsp;Ronald Wayne, il fonde Apple dans le garage de ses parents, \u00e0 Los Altos. Une aventure incroyable qui donnera naissance \u00e0 l\u2019un des g\u00e9ants mondiaux du num\u00e9rique.<\/p>\n\n\n\n<p class=\"p1\">Apr\u00e8s avoir \u00e9t\u00e9 \u00e9vinc\u00e9 de sa propre entreprise en 1985, Jobs revient en 1997 pour sauver Apple de la faillite. D\u00e8s 1998, il relance la marque avec l\u2019arriv\u00e9e du tout premier&nbsp;iMac, reconnaissable \u00e0 ses couleurs flashy et son dos transparent. C\u2019est le d\u00e9but d\u2019une ascension spectaculaire.<\/p>\n\n\n\n<p class=\"p1\">Curieux de tout, je me suis ensuite int\u00e9ress\u00e9 aux autres produits Apple : l\u2019iPod&nbsp;en 2001, qui r\u00e9volutionne notre fa\u00e7on d\u2019\u00e9couter de la musique, l\u2019iPhone&nbsp;en 2007, l\u2019iPad&nbsp;en 2010, les&nbsp;MacBook\u2026 \u00c0 chaque lancement, Apple renfor\u00e7ait sa position de leader dans l\u2019innovation technologique.<\/p>\n\n\n\n<p class=\"p1\">Cette passion, je l\u2019ai rapidement mise au service des autres. <\/p>\n\n\n\n<p class=\"p1\">D\u2019abord en tant qu\u2019autoentrepreneur, en proposant assistance et conseils personnalis\u00e9s aux particuliers, puis en travaillant quelques mois en centre d\u2019appel pour accompagner les utilisateurs Apple.<\/p>\n\n\n\n<p class=\"p1\">Tr\u00e8s vite, l\u2019appel de l\u2019entrepreneuriat m\u2019a ramen\u00e9 sur le terrain. <\/p>\n\n\n\n<p class=\"p1\">Aujourd\u2019hui, je travaille \u00e0 l\u2019international en&nbsp;support Niveau 2&nbsp;et comme&nbsp;administrateur de plateforme JAMF, en charge de la gestion d\u2019une flotte compl\u00e8te de Mac pour un grand groupe a\u00e9ronautique mondial.<\/p>\n\n\n\n<p class=\"p1\">Depuis plus de 2019, cette exp\u00e9rience enrichissante m\u2019a permis d\u2019\u00e9voluer et de perfectionner ma mani\u00e8re de transmettre mon expertise Apple \u00e0 une population internationale et diversifi\u00e9e.<\/p>\n\n\n\n<p class=\"p1\">Toujours anim\u00e9 par la passion de partager mon savoir et mes d\u00e9couvertes, j\u2019ai d\u00e9cid\u00e9 de cr\u00e9er ce site. <\/p>\n\n\n\n<p class=\"p1\">Vous y trouverez toute l\u2019actualit\u00e9 autour d\u2019Apple ainsi que mes services personnalis\u00e9s.<\/p>\n\n\n\n<hr class=\"wp-block-separator has-alpha-channel-opacity\"\/>\n\n\n\n<p>Besoin d&rsquo;informations compl\u00e9mentaire?<\/p>\n\n\n\n<div class=\"wp-block-buttons is-layout-flex wp-block-buttons-is-layout-flex\">\n<div class=\"wp-block-button\"><a class=\"wp-block-button__link wp-element-button\" href=\"https:\/\/cedriccompagnonconsulting.com\/index.php\/contact\/\">Contactez moi <\/a><\/div>\n<\/div>\n","protected":false},"excerpt":{"rendered":"<p>&nbsp; Je m\u2019appelle C\u00e9dric. N\u00e9 dans les ann\u00e9es 80, \u00e0 une \u00e9poque o\u00f9 la technologie faisait ses premiers pas dans notre quotidien, je suis naturellement devenu un passionn\u00e9 de cet univers en constante \u00e9volution. Mais attention : je suis partisan d\u2019une technologie&nbsp;aidante, jamais&nbsp;rempla\u00e7ante. Pour moi, les objets et les machines doivent \u00eatre l\u00e0 pour faciliter [&hellip;]<\/p>\n","protected":false},"author":1,"featured_media":0,"parent":0,"menu_order":0,"comment_status":"closed","ping_status":"closed","template":"","meta":{"footnotes":""},"class_list":["post-95","page","type-page","status-publish","hentry"],"jetpack_sharing_enabled":true,"_links":{"self":[{"href":"https:\/\/cedriccompagnonconsulting.com\/index.php\/wp-json\/wp\/v2\/pages\/95","targetHints":{"allow":["GET"]}}],"collection":[{"href":"https:\/\/cedriccompagnonconsulting.com\/index.php\/wp-json\/wp\/v2\/pages"}],"about":[{"href":"https:\/\/cedriccompagnonconsulting.com\/index.php\/wp-json\/wp\/v2\/types\/page"}],"author":[{"embeddable":true,"href":"https:\/\/cedriccompagnonconsulting.com\/index.php\/wp-json\/wp\/v2\/users\/1"}],"replies":[{"embeddable":true,"href":"https:\/\/cedriccompagnonconsulting.com\/index.php\/wp-json\/wp\/v2\/comments?post=95"}],"version-history":[{"count":8,"href":"https:\/\/cedriccompagnonconsulting.com\/index.php\/wp-json\/wp\/v2\/pages\/95\/revisions"}],"predecessor-version":[{"id":207,"href":"https:\/\/cedriccompagnonconsulting.com\/index.php\/wp-json\/wp\/v2\/pages\/95\/revisions\/207"}],"wp:attachment":[{"href":"https:\/\/cedriccompagnonconsulting.com\/index.php\/wp-json\/wp\/v2\/media?parent=95"}],"curies":[{"name":"wp","href":"https:\/\/api.w.org\/{rel}","templated":true}]}}